{"id":9,"date":"2020-02-28T21:39:14","date_gmt":"2020-02-28T21:39:14","guid":{"rendered":"https:\/\/comunidad.facmed.unam.mx\/?page_id=9"},"modified":"2020-03-03T02:06:32","modified_gmt":"2020-03-03T02:06:32","slug":"covid-19","status":"publish","type":"page","link":"https:\/\/comunidad.facmed.unam.mx\/","title":{"rendered":"COVID-19"},"content":{"rendered":"<p>[et_pb_section fb_built=\u00bb1&#8243; _builder_version=\u00bb3.21.1&#8243; background_color=\u00bb#0c71c3&#8243; background_image=\u00bbhttps:\/\/comunidad.facmed.unam.mx\/wp-content\/uploads\/2020\/03\/virus13.jpg\u00bb custom_padding=\u00bb47px|0px|31px|0px|false|false\u00bb][et_pb_row _builder_version=\u00bb3.21.1&#8243;][et_pb_column type=\u00bb1_2&#8243; _builder_version=\u00bb3.21.1&#8243;][et_pb_text _builder_version=\u00bb3.21.1&#8243; text_font=\u00bb|700|||||||\u00bb text_text_color=\u00bb#ffffff\u00bb text_font_size=\u00bb26px\u00bb header_font=\u00bbMontserrat|700|||||||\u00bb header_text_color=\u00bb#ffffff\u00bb header_font_size=\u00bb48px\u00bb header_font_size_phone=\u00bb36px\u00bb header_font_size_last_edited=\u00bbon|phone\u00bb]<\/p>\n<h1>CORONAVIRUS<\/h1>\n<p>COVID 19<\/p>\n<p>[\/et_pb_text][\/et_pb_column][et_pb_column type=\u00bb1_2&#8243; _builder_version=\u00bb3.21.1&#8243;][\/et_pb_column][\/et_pb_row][\/et_pb_section][et_pb_section fb_built=\u00bb1&#8243; _builder_version=\u00bb3.21.1&#8243;][et_pb_row custom_padding=\u00bb|20px||20px\u00bb _builder_version=\u00bb3.21.1&#8243;][et_pb_column type=\u00bb1_2&#8243; _builder_version=\u00bb3.21.1&#8243;][et_pb_image src=\u00bbhttps:\/\/comunidad.facmed.unam.mx\/wp-content\/uploads\/2020\/02\/WhatsApp-Image-2020-02-28-at-11.00.24.jpeg\u00bb show_in_lightbox=\u00bbon\u00bb _builder_version=\u00bb3.21.1&#8243;][\/et_pb_image][et_pb_image src=\u00bbhttps:\/\/comunidad.facmed.unam.mx\/wp-content\/uploads\/2020\/02\/WhatsApp-Image-2020-02-28-at-16.41.12.jpeg\u00bb show_in_lightbox=\u00bbon\u00bb _builder_version=\u00bb3.21.1&#8243;][\/et_pb_image][\/et_pb_column][et_pb_column type=\u00bb1_2&#8243; _builder_version=\u00bb3.21.1&#8243;][et_pb_text _builder_version=\u00bb3.21.1&#8243; header_font=\u00bb|600|||||||\u00bb header_text_color=\u00bb#599118&#8243;]<\/p>\n<h1>Preguntas frecuentes\u00a0<\/h1>\n<p>[\/et_pb_text][et_pb_toggle title=\u00bb\u00bfQu\u00e9 es COVID-19?\u00bb icon_color=\u00bb#05891d\u00bb _builder_version=\u00bb3.21.1&#8243; title_font=\u00bb|600|||||||\u00bb title_font_size=\u00bb18px\u00bb border_radii=\u00bbon|20px|20px|20px|20px\u00bb border_width_all=\u00bb0px\u00bb]<\/p>\n<ul>\n<li><span>CoVID 19 por sus siglas en ingl\u00e9s Corona virus infection disease 19 es una enfermedad respiratoria asociada a SARSCoV2 <\/span><\/li>\n<\/ul>\n<p>[\/et_pb_toggle][et_pb_toggle title=\u00bb\u00bfCuales son los s\u00edntomas?\u00bb icon_color=\u00bb#05891d\u00bb _builder_version=\u00bb3.21.1&#8243; title_font=\u00bb|600|||||||\u00bb title_font_size=\u00bb18px\u00bb border_radii=\u00bbon|20px|20px|20px|20px\u00bb border_width_all=\u00bb0px\u00bb]<\/p>\n<p><span>Los s\u00edntomas son tos, dolor de cabeza, fiebre, malestar general, estornudos y en casos m\u00e1s avanzados, dolor tor\u00e1cico y dificultad para respirar.<\/span><\/p>\n<p>[\/et_pb_toggle][et_pb_toggle title=\u00bb\u00bfC\u00f3mo se contagia?\u00bb icon_color=\u00bb#05891d\u00bb _builder_version=\u00bb3.21.1&#8243; title_font=\u00bb|600|||||||\u00bb title_font_size=\u00bb18px\u00bb border_radii=\u00bbon|20px|20px|20px|20px\u00bb border_width_all=\u00bb0px\u00bb]<\/p>\n<p>Se transmite por contacto directo persona-persona, a\u00a0trav\u00e9s de secreciones respiratorias (fl\u00fcgge).<\/p>\n<p>Y por contacto con superficies contaminadas por el virus.<\/p>\n<p>[\/et_pb_toggle][et_pb_toggle title=\u00bb\u00bfQu\u00e9 debo hacer si tengo s\u00edntomas?\u00bb icon_color=\u00bb#05891d\u00bb _builder_version=\u00bb3.21.1&#8243; title_font=\u00bb|600|||||||\u00bb title_font_size=\u00bb18px\u00bb border_radii=\u00bbon|20px|20px|20px|20px\u00bb border_width_all=\u00bb0px\u00bb]<\/p>\n<p>Usar cubre bocas, no automedicarse, acudir al m\u00e9dico y seguir sus indicaciones, mantener reposo en casa, no saludar de beso, mano o abrazo, lavarse las manos frecuentemente o desinfectarlas con alcohol en gel al 70%, consumir diariamente verduras y frutas, tomar al menos 8 vasos de agua simple al d\u00eda, lavar con agua, jab\u00f3n y cloro los platos, vasos y cubiertos que utilice.\u00a0<\/p>\n<p>[\/et_pb_toggle][et_pb_toggle title=\u00bb\u00bfHay un tratamiento en especifico? \u00bb icon_color=\u00bb#05891d\u00bb _builder_version=\u00bb3.21.1&#8243; title_font=\u00bb|600|||||||\u00bb title_font_size=\u00bb18px\u00bb border_radii=\u00bbon|20px|20px|20px|20px\u00bb border_width_all=\u00bb0px\u00bb]<\/p>\n<p><span style=\"font-weight: 400;\">No, hasta el momento solo hay medicamentos para aliviar los s\u00edntomas. Es importante acudir al m\u00e9dico y no automedicarse. <\/span><\/p>\n<p>[\/et_pb_toggle][et_pb_toggle title=\u00bb\u00bfCu\u00e1l es el \u00edndice de letalidad?\u00bb icon_color=\u00bb#05891d\u00bb _builder_version=\u00bb3.21.1&#8243; title_font=\u00bb|600|||||||\u00bb title_font_size=\u00bb18px\u00bb border_radii=\u00bbon|20px|20px|20px|20px\u00bb border_width_all=\u00bb0px\u00bb]<\/p>\n<p><span>Al primero de marzo del 2020 la Organizaci\u00f3n Mundial de la Salud\u00a0 87,300 casos confirmados con 2,977 muertes, lo que corresponde a una <strong>letalidad del 3.4%<\/strong><\/span><\/p>\n<p><strong>\u00a0<\/strong><\/p>\n<p>[\/et_pb_toggle][et_pb_toggle title=\u00bbSi estoy sano \u00bfel cubrebocas me protege?\u00bb icon_color=\u00bb#05891d\u00bb _builder_version=\u00bb3.21.1&#8243; title_font=\u00bb|600|||||||\u00bb title_font_size=\u00bb18px\u00bb border_radii=\u00bbon|20px|20px|20px|20px\u00bb border_width_all=\u00bb0px\u00bb]<\/p>\n<p><span> \u00dasalo s\u00f3lo si presentas s\u00edntomas.<\/span><\/p>\n<p><strong>\u00a0<\/strong><\/p>\n<p>[\/et_pb_toggle][et_pb_toggle title=\u00bb\u00bfEs recomendable ir a la escuela o el trabajo?\u00bb icon_color=\u00bb#05891d\u00bb _builder_version=\u00bb3.21.1&#8243; title_font=\u00bb|600|||||||\u00bb title_font_size=\u00bb18px\u00bb border_radii=\u00bbon|20px|20px|20px|20px\u00bb border_width_all=\u00bb0px\u00bb]<\/p>\n<p>Hasta ahora , no hay motivo suficiente para dejar de acudir a estos sitios.\u00a0 Se deben seguir las medidas de prevenci\u00f3n.<\/p>\n<p>[\/et_pb_toggle][et_pb_toggle title=\u00bb\u00bfSolo los adultos mayores se pueden enfermar?\u00bb icon_color=\u00bb#05891d\u00bb _builder_version=\u00bb3.21.1&#8243; title_font=\u00bb|600|||||||\u00bb title_font_size=\u00bb18px\u00bb border_radii=\u00bbon|20px|20px|20px|20px\u00bb border_width_all=\u00bb0px\u00bb]<\/p>\n<p>&nbsp;<\/p>\n<p>No a pesar de ser los m\u00e1s vulnerables, el COVID-19 puede infectar a personas de cualquier edad.\u00a0\u00a0<\/p>\n<p>&nbsp;<\/p>\n<p>[\/et_pb_toggle][et_pb_toggle title=\u00bb\u00bfCada cu\u00e1ndo debo ponerme gel antibacterial?\u00bb icon_color=\u00bb#05891d\u00bb _builder_version=\u00bb3.21.1&#8243; title_font=\u00bb|600|||||||\u00bb title_font_size=\u00bb18px\u00bb border_radii=\u00bbon|20px|20px|20px|20px\u00bb border_width_all=\u00bb0px\u00bb]<\/p>\n<ul>\n<li>Cada vez que se toquen superficies sucias, antes de entrar a un lugar con un concurrido y al salir de \u00e9ste<\/li>\n<li>Se podr\u00eda utilizar cada 4 horas, pero recuerde que es mejor el lavado de manos frecuente con agua y jab\u00f3n.<\/li>\n<\/ul>\n<p>[\/et_pb_toggle][et_pb_toggle title=\u00bb\u00bfEs bueno tomar suplementos vitam\u00ednicos para prevenir?\u00bb icon_color=\u00bb#05891d\u00bb _builder_version=\u00bb3.21.1&#8243; title_font=\u00bb|600|||||||\u00bb title_font_size=\u00bb18px\u00bb border_radii=\u00bbon|20px|20px|20px|20px\u00bb border_width_all=\u00bb0px\u00bb]<\/p>\n<ul>\n<li><span>Es controvertido, actualmente no hay estudios que justifiquen o sustenten su consumo.<\/span><\/li>\n<\/ul>\n<p>[\/et_pb_toggle][\/et_pb_column][\/et_pb_row][\/et_pb_section][et_pb_section fb_built=\u00bb1&#8243; module_id=\u00bbrecomendaciones\u00bb _builder_version=\u00bb3.21.1&#8243; background_color=\u00bb#594557&#8243;][et_pb_row _builder_version=\u00bb3.21.1&#8243;][et_pb_column type=\u00bb1_2&#8243; _builder_version=\u00bb3.21.1&#8243;][et_pb_image src=\u00bbhttps:\/\/comunidad.facmed.unam.mx\/wp-content\/uploads\/2020\/02\/WhatsApp-Image-2020-02-28-at-17.26.32.jpeg\u00bb _builder_version=\u00bb3.21.1&#8243;][\/et_pb_image][\/et_pb_column][et_pb_column type=\u00bb1_2&#8243; _builder_version=\u00bb3.21.1&#8243;][et_pb_video src=\u00bbhttps:\/\/comunidad.facmed.unam.mx\/wp-content\/uploads\/2020\/02\/WhatsApp-Video-2020-02-28-at-16.23.55-1.mp4&#8243; _builder_version=\u00bb3.21.1&#8243;][\/et_pb_video][\/et_pb_column][\/et_pb_row][\/et_pb_section][et_pb_section fb_built=\u00bb1&#8243; _builder_version=\u00bb3.21.1&#8243;][et_pb_row _builder_version=\u00bb3.21.1&#8243;][et_pb_column type=\u00bb4_4&#8243; _builder_version=\u00bb3.21.1&#8243;][et_pb_toggle title=\u00bbEl coronavirus no tiene nacionalidad (No discriminaci\u00f3n)\u00bb icon_color=\u00bb#0c71c3&#8243; _builder_version=\u00bb3.21.1&#8243; title_font=\u00bb||||||||\u00bb title_text_align=\u00bbcenter\u00bb title_text_color=\u00bb#0c71c3&#8243; title_font_size=\u00bb26px\u00bb border_radii=\u00bbon|20px|20px|20px|20px\u00bb border_width_all=\u00bb0px\u00bb]<\/p>\n<ul>\n<li><span>La ley proh\u00edbe un trato diferente basado en el estado de salud o una determinada enfermedad, cualquier trato diferente injustificado entre dos o m\u00e1s personas es discriminaci\u00f3n. <\/span><\/li>\n<li><span>La propia discriminaci\u00f3n es una barrera para el acceso a la salud, lo que evita el logro de una cobertura de salud universal, por lo que se debe empoderar a los pacientes y a la sociedad civil para exigir la no discriminaci\u00f3n en el cuidado de la salud. <\/span><\/li>\n<li><span>A menudo la discriminaci\u00f3n es sutil, los actos individuales en s\u00ed mismos pueden ser poco claros y no observables inmediatamente, sino verlos hasta que se den todas las circunstancias de la situaci\u00f3n <\/span><\/li>\n<li><span>La condici\u00f3n de salud en la segunda causa de denuncias por discriminaci\u00f3n presentadas ante el Consejo para Prevenir y Eliminar la Discriminaci\u00f3n de la Ciudad de M\u00e9xico (COPRED). <\/span><\/li>\n<li><span>La agenda para la cero discriminaci\u00f3n en el cuidado de la salud tiene como fin, que todos disfruten de servicios de salud sin ser discriminados. <\/span><\/li>\n<li><span>Principios de igualdad y no discriminaci\u00f3n son parte de las bases del estado de derecho, por lo que hay que remover barreras legales y pol\u00edticas que impidan el cuidado de la salud. <\/span><\/li>\n<\/ul>\n<p>[\/et_pb_toggle][\/et_pb_column][\/et_pb_row][\/et_pb_section][et_pb_section fb_built=\u00bb1&#8243; module_id=\u00bbpreguntas\u00bb _builder_version=\u00bb3.21.1&#8243; background_color=\u00bb#e5e5e5&#8243;][et_pb_row _builder_version=\u00bb3.21.1&#8243;][et_pb_column type=\u00bb1_2&#8243; _builder_version=\u00bb3.21.1&#8243;][et_pb_video src=\u00bbhttps:\/\/comunidad.facmed.unam.mx\/wp-content\/uploads\/2020\/02\/WhatsApp-Video-2020-02-28-at-16.23.55.mp4&#8243; _builder_version=\u00bb3.21.1&#8243;][\/et_pb_video][\/et_pb_column][et_pb_column type=\u00bb1_2&#8243; _builder_version=\u00bb3.21.1&#8243;][et_pb_video src=\u00bbhttps:\/\/comunidad.facmed.unam.mx\/wp-content\/uploads\/2020\/02\/WhatsApp-Video-2020-02-28-at-14.57.58.mp4&#8243; _builder_version=\u00bb3.21.1&#8243;][\/et_pb_video][\/et_pb_column][\/et_pb_row][\/et_pb_section][et_pb_section fb_built=\u00bb1&#8243; _builder_version=\u00bb3.21.1&#8243;][et_pb_row _builder_version=\u00bb3.21.1&#8243;][et_pb_column type=\u00bb2_5&#8243; _builder_version=\u00bb3.21.1&#8243;][et_pb_gallery gallery_ids=\u00bb139,134,135,136,137,138&#8243; fullwidth=\u00bbon\u00bb _builder_version=\u00bb3.21.1&#8243;][\/et_pb_gallery][\/et_pb_column][et_pb_column type=\u00bb3_5&#8243; _builder_version=\u00bb3.21.1&#8243;][et_pb_gallery gallery_ids=\u00bb142,143,144,145,146,147,148,149,150,151,152&#8243; fullwidth=\u00bbon\u00bb _builder_version=\u00bb3.21.1&#8243;][\/et_pb_gallery][\/et_pb_column][\/et_pb_row][\/et_pb_section]<\/p>\n","protected":false},"excerpt":{"rendered":"<p>CORONAVIRUS COVID 19Preguntas frecuentes\u00a0 CoVID 19 por sus siglas en ingl\u00e9s Corona virus infection disease 19 es una enfermedad respiratoria asociada a SARSCoV2 Los s\u00edntomas son tos, dolor de cabeza, fiebre, malestar general, estornudos y en casos m\u00e1s avanzados, dolor tor\u00e1cico y dificultad para respirar. Se transmite por contacto directo persona-persona, a\u00a0trav\u00e9s de secreciones respiratorias [&hellip;]<\/p>\n","protected":false},"author":1,"featured_media":0,"parent":0,"menu_order":0,"comment_status":"closed","ping_status":"closed","template":"","meta":{"_et_pb_use_builder":"on","_et_pb_old_content":"","_et_gb_content_width":"","footnotes":""},"_links":{"self":[{"href":"https:\/\/comunidad.facmed.unam.mx\/index.php\/wp-json\/wp\/v2\/pages\/9"}],"collection":[{"href":"https:\/\/comunidad.facmed.unam.mx\/index.php\/wp-json\/wp\/v2\/pages"}],"about":[{"href":"https:\/\/comunidad.facmed.unam.mx\/index.php\/wp-json\/wp\/v2\/types\/page"}],"author":[{"embeddable":true,"href":"https:\/\/comunidad.facmed.unam.mx\/index.php\/wp-json\/wp\/v2\/users\/1"}],"replies":[{"embeddable":true,"href":"https:\/\/comunidad.facmed.unam.mx\/index.php\/wp-json\/wp\/v2\/comments?post=9"}],"version-history":[{"count":65,"href":"https:\/\/comunidad.facmed.unam.mx\/index.php\/wp-json\/wp\/v2\/pages\/9\/revisions"}],"predecessor-version":[{"id":199,"href":"https:\/\/comunidad.facmed.unam.mx\/index.php\/wp-json\/wp\/v2\/pages\/9\/revisions\/199"}],"wp:attachment":[{"href":"https:\/\/comunidad.facmed.unam.mx\/index.php\/wp-json\/wp\/v2\/media?parent=9"}],"curies":[{"name":"wp","href":"https:\/\/api.w.org\/{rel}","templated":true}]}}